{"id":183,"date":"2018-03-02T17:55:58","date_gmt":"2018-03-02T20:55:58","guid":{"rendered":"http:\/\/www.seinsa.com.ar\/?page_id=183"},"modified":"2021-02-11T16:35:41","modified_gmt":"2021-02-11T19:35:41","slug":"subir-cv","status":"publish","type":"page","link":"seinsa.com.ar\/index.php\/subir-cv\/","title":{"rendered":"Sub\u00ed tu Curriculum Vitae para nuestras b\u00fasquedas laborales"},"content":{"rendered":"\t\t<div data-elementor-type=\"wp-post\" data-elementor-id=\"183\" class=\"elementor elementor-183 elementor-bc-flex-widget\" data-elementor-settings=\"[]\">\n\t\t\t\t\t\t<div class=\"elementor-inner\">\n\t\t\t\t\t\t\t<div class=\"elementor-section-wrap\">\n\t\t\t\t\t\t\t<section class=\"elementor-section elementor-top-section elementor-element elementor-element-cc6e2c9 elementor-section-boxed elementor-section-height-default elementor-section-height-default\" data-id=\"cc6e2c9\" data-element_type=\"section\">\n\t\t\t\t\t\t<div class=\"elementor-container elementor-column-gap-default\">\n\t\t\t\t\t\t\t<div class=\"elementor-row\">\n\t\t\t\t\t<div class=\"elementor-column elementor-col-100 elementor-top-column elementor-element elementor-element-d628df4\" data-id=\"d628df4\" data-element_type=\"column\">\n\t\t\t<div class=\"elementor-column-wrap elementor-element-populated\">\n\t\t\t\t\t\t\t<div class=\"elementor-widget-wrap\">\n\t\t\t\t\t\t<div class=\"elementor-element elementor-element-94e3831 elementor-widget elementor-widget-shortcode\" data-id=\"94e3831\" data-element_type=\"widget\" data-widget_type=\"shortcode.default\">\n\t\t\t\t<div class=\"elementor-widget-container\">\n\t\t\t\t\t<div class=\"elementor-shortcode\">\n                <div class='gf_browser_gecko gform_wrapper' id='gform_wrapper_1' style='display:none'><div id='gf_1' class='gform_anchor' tabindex='-1'><\/div><form method='post' enctype='multipart\/form-data' target='gform_ajax_frame_1' id='gform_1'  action='\/index.php\/wp-json\/wp\/v2\/pages\/183#gf_1'>\n                        <div class='gform_heading'>\n                            <h3 class='gform_title'>Subir Curriculum Vitae<\/h3>\n                            <span class='gform_description'><\/span>\n                        <\/div>\n                        <div class='gform_body'><ul id='gform_fields_1' class='gform_fields top_label form_sublabel_below description_below'><li id='field_1_3'  class='gfield gsection field_sublabel_below field_description_below gfield_visibility_visible' ><h2 class='gsection_title'>Informaci\u00f3n personal<\/h2><\/li><li id='field_1_6'  class='gfield field_sublabel_below field_description_below gfield_visibility_visible' ><label class='gfield_label gfield_label_before_complex'  >Nombre completo<\/label><div class='ginput_complex ginput_container no_prefix has_first_name no_middle_name has_last_name no_suffix gf_name_has_2 ginput_container_name' id='input_1_6'>\n                            \n                            <span id='input_1_6_3_container' class='name_first' >\n                                                    <input type='text' name='input_6.3' id='input_1_6_3' value='' aria-label='First name'    aria-invalid=\"false\" \/>\n                                                    <label for='input_1_6_3' >Nombre(s)<\/label>\n                                                <\/span>\n                            \n                            <span id='input_1_6_6_container' class='name_last' >\n                                                    <input type='text' name='input_6.6' id='input_1_6_6' value='' aria-label='Last name'    aria-invalid=\"false\" \/>\n                                                    <label for='input_1_6_6' >Apellido(s)<\/label>\n                                                <\/span>\n                            \n                        <\/div><\/li><li id='field_1_4'  class='gfield gfield_contains_required field_sublabel_below field_description_below gfield_visibility_visible' ><label class='gfield_label' for='input_1_4' >N\u00famero de documento<span class='gfield_required'>*<\/span><\/label><div class='ginput_container ginput_container_text'><input name='input_4' id='input_1_4' type='text' value='' class='medium'     aria-required=\"true\" aria-invalid=\"false\" \/><\/div><\/li><li id='field_1_5'  class='gfield gfield_contains_required field_sublabel_below field_description_below gfield_visibility_visible' ><label class='gfield_label gfield_label_before_complex'  >Fecha de nacimiento<span class='gfield_required'>*<\/span><\/label><div id='input_1_5' class='ginput_container ginput_container_date'><div class='clear-multi'>\n                                        <div class='gfield_date_day ginput_container ginput_container_date' id='input_1_5_2_container'>\n                                            <input type='text' maxlength='2' name='input_5[]' id='input_1_5_2' value=''    \/>\n                                            <label for='input_1_5_2' >DD<\/label>\n                                        <\/div><div class='gfield_date_month ginput_container ginput_container_date' id='input_1_5_1_container'>\n                                        <input type='text' maxlength='2' name='input_5[]' id='input_1_5_1' value=''    \/>\n                                        <label for='input_1_5_1' >MM<\/label>\n                                   <\/div><div class='gfield_date_year ginput_container ginput_container_date' id='input_1_5_3_container'>\n                                        <input type='text' maxlength='4' name='input_5[]' id='input_1_5_3' value=''      \/>\n                                        <label for='input_1_5_3' >AAAA<\/label>\n                                   <\/div>\n                                <\/div><\/div><\/li><li id='field_1_7'  class='gfield gsection field_sublabel_below field_description_below gfield_visibility_visible' ><h2 class='gsection_title'>Informaci\u00f3n de contacto<\/h2><\/li><li id='field_1_8'  class='gfield gfield_contains_required field_sublabel_below field_description_below gfield_visibility_visible' ><label class='gfield_label' for='input_1_8' >Email<span class='gfield_required'>*<\/span><\/label><div class='ginput_container ginput_container_email'>\n                            <input name='input_8' id='input_1_8' type='text' value='' class='medium'    aria-required=\"true\" aria-invalid=\"false\" \/>\n                        <\/div><\/li><li id='field_1_9'  class='gfield gfield_contains_required field_sublabel_below field_description_below gfield_visibility_visible' ><label class='gfield_label' for='input_1_9' >Tel\u00e9fono<span class='gfield_required'>*<\/span><\/label><div class='ginput_container ginput_container_phone'><input name='input_9' id='input_1_9' type='text' value='' class='medium'   aria-required=\"true\" aria-invalid=\"false\"  \/><\/div><\/li><li id='field_1_10'  class='gfield gfield_contains_required field_sublabel_below field_description_below gfield_visibility_visible' ><label class='gfield_label gfield_label_before_complex'  >Direcci\u00f3n<span class='gfield_required'>*<\/span><\/label>    \n                    <div class='ginput_complex ginput_container has_street has_city has_state ginput_container_address' id='input_1_10' >\n                         <span class='ginput_full address_line_1' id='input_1_10_1_container' >\n                                        <input type='text' name='input_10.1' id='input_1_10_1' value=''    aria-required=\"true\"\/>\n                                        <label for='input_1_10_1' id='input_1_10_1_label' >Localidad de residencia<\/label>\n                                    <\/span><span class='ginput_left address_city' id='input_1_10_3_container' >\n                                    <input type='text' name='input_10.3' id='input_1_10_3' value=''    aria-required=\"true\"\/>\n                                    <label for='input_1_10_3' id='input_1_10_3_label' >Ciudad<\/label>\n                                 <\/span><span class='ginput_right address_state' id='input_1_10_4_container' >\n                                        <input type='text' name='input_10.4' id='input_1_10_4' value=''      aria-required=\"true\"\/>\n                                        <label for='input_1_10_4' id='input_1_10_4_label' >Provincia<\/label>\n                                      <\/span><input type='hidden' class='gform_hidden' name='input_10.6' id='input_1_10_6' value=''\/>\n                    <div class='gf_clear gf_clear_complex'><\/div>\n                <\/div><\/li><li id='field_1_11'  class='gfield gsection field_sublabel_below field_description_below gfield_visibility_visible' ><h2 class='gsection_title'>Educaci\u00f3n<\/h2><\/li><li id='field_1_12'  class='gfield gf_left_half gfield_contains_required field_sublabel_below field_description_below gfield_visibility_visible' ><label class='gfield_label' for='input_1_12' >T\u00edtulo secundario<span class='gfield_required'>*<\/span><\/label><div class='ginput_container ginput_container_text'><input name='input_12' id='input_1_12' type='text' value='' class='medium'     aria-required=\"true\" aria-invalid=\"false\" \/><\/div><\/li><li id='field_1_13'  class='gfield gf_right_half gfield_contains_required field_sublabel_below field_description_below gfield_visibility_visible' ><label class='gfield_label' for='input_1_13' >Establecimiento<span class='gfield_required'>*<\/span><\/label><div class='ginput_container ginput_container_text'><input name='input_13' id='input_1_13' type='text' value='' class='medium'     aria-required=\"true\" aria-invalid=\"false\" \/><\/div><\/li><li id='field_1_18'  class='gfield gf_left_half field_sublabel_below field_description_below gfield_visibility_visible' ><label class='gfield_label' for='input_1_18' >T\u00edtulo terciario<\/label><div class='ginput_container ginput_container_text'><input name='input_18' id='input_1_18' type='text' value='' class='medium'      aria-invalid=\"false\" \/><\/div><\/li><li id='field_1_15'  class='gfield gf_right_half field_sublabel_below field_description_below gfield_visibility_visible' ><label class='gfield_label' for='input_1_15' >Establecimiento<\/label><div class='ginput_container ginput_container_text'><input name='input_15' id='input_1_15' type='text' value='' class='medium'      aria-invalid=\"false\" \/><\/div><\/li><li id='field_1_20'  class='gfield gf_left_half field_sublabel_below field_description_below gfield_visibility_visible' ><label class='gfield_label' for='input_1_20' >Titulo Universitario<\/label><div class='ginput_container ginput_container_select'><select name='input_20' id='input_1_20' class='medium gfield_select'    aria-invalid=\"false\"><option value='Sin selecci\u00f3n' selected='selected'>Sin selecci\u00f3n<\/option><option value='Abogac\u00eda \/ Derecho' >Abogac\u00eda \/ Derecho<\/option><option value='Administraci\u00f3n de Empresas' >Administraci\u00f3n de Empresas<\/option><option value='Comercio Exterior' >Comercio Exterior<\/option><option value='Comunicaci\u00f3n' >Comunicaci\u00f3n<\/option><option value='Contabilidad' >Contabilidad<\/option><option value='Econom\u00eda \/ Finanzas' >Econom\u00eda \/ Finanzas<\/option><option value='Geof\u00edsica' >Geof\u00edsica<\/option><option value='Geolog\u00eda' >Geolog\u00eda<\/option><option value='Higiene y Seguridad' >Higiene y Seguridad<\/option><option value='Inform\u00e1tica \/ Sistemas' >Inform\u00e1tica \/ Sistemas<\/option><option value='Ingenier\u00eda Civil' >Ingenier\u00eda Civil<\/option><option value='Ingenier\u00eda El\u00e9ctrica \/ Electricista' >Ingenier\u00eda El\u00e9ctrica \/ Electricista<\/option><option value='Ingenier\u00eda Electr\u00f3nica' >Ingenier\u00eda Electr\u00f3nica<\/option><option value='Ingenier\u00eda en Materiales \/ Metal\u00fargica' >Ingenier\u00eda en Materiales \/ Metal\u00fargica<\/option><option value='Ingenier\u00eda en Petr\u00f3leo' >Ingenier\u00eda en Petr\u00f3leo<\/option><option value='Ingenier\u00eda Industrial' >Ingenier\u00eda Industrial<\/option><option value='Ingenier\u00eda Mec\u00e1nica \/ Electromec\u00e1nica' >Ingenier\u00eda Mec\u00e1nica \/ Electromec\u00e1nica<\/option><option value='Ingenier\u00eda Qu\u00edmica' >Ingenier\u00eda Qu\u00edmica<\/option><option value='Mecatr\u00f3nica' >Mecatr\u00f3nica<\/option><option value='Medio Ambiente' >Medio Ambiente<\/option><option value='Otra' >Otra<\/option><option value='Recursos Humanos' >Recursos Humanos<\/option><\/select><\/div><\/li><li id='field_1_21'  class='gfield field_sublabel_below field_description_below gfield_visibility_visible' ><label class='gfield_label' for='input_1_21' >Nombre del T\u00edtulo Universitario<\/label><div class='ginput_container ginput_container_text'><input name='input_21' id='input_1_21' type='text' value='' class='medium'      aria-invalid=\"false\" \/><\/div><\/li><li id='field_1_19'  class='gfield gf_right_half field_sublabel_below field_description_below gfield_visibility_visible' ><label class='gfield_label' for='input_1_19' >Establecimiento<\/label><div class='ginput_container ginput_container_text'><input name='input_19' id='input_1_19' type='text' value='' class='medium'      aria-invalid=\"false\" \/><\/div><\/li><li id='field_1_16'  class='gfield gsection field_sublabel_below field_description_below gfield_visibility_visible' ><h2 class='gsection_title'>Subir archivo de CV<\/h2><div class='gsection_description' id='gfield_description_1_16'>Sub\u00ed tu CV en formato doc, docx, pdf<\/div><\/li><li id='field_1_17'  class='gfield gfield_contains_required field_sublabel_below field_description_below gfield_visibility_visible' ><label class='gfield_label' for='input_1_17' >Archivo<span class='gfield_required'>*<\/span><\/label><div class='ginput_container ginput_container_fileupload'><input type='hidden' name='MAX_FILE_SIZE' value='12582912' \/><input name='input_17' id='input_1_17' type='file' class='medium' aria-describedby='validation_message_1_17 live_validation_message_1_17 extensions_message_1_17' onchange='javascript:gformValidateFileSize( this, 12582912 );'  \/><span id='extensions_message_1_17' class='screen-reader-text'>Accepted file types: doc, docx, pdf, png, jpg.<\/span><div class='validation_message' id='live_validation_message_1_17'><\/div><\/div><\/li>\n                            <\/ul><\/div>\n        <div class='gform_footer top_label'> <input type='submit' id='gform_submit_button_1' class='gform_button button' value='Guardar y enviar'  onclick='if(window[\"gf_submitting_1\"]){return false;}  window[\"gf_submitting_1\"]=true;  ' onkeypress='if( event.keyCode == 13 ){ if(window[\"gf_submitting_1\"]){return false;} window[\"gf_submitting_1\"]=true;  jQuery(\"#gform_1\").trigger(\"submit\",[true]); }' \/> <input type='hidden' name='gform_ajax' value='form_id=1&amp;title=1&amp;description=1&amp;tabindex=0' \/>\n            <input type='hidden' class='gform_hidden' name='is_submit_1' value='1' \/>\n            <input type='hidden' class='gform_hidden' name='gform_submit' value='1' \/>\n            \n            <input type='hidden' class='gform_hidden' name='gform_unique_id' value='' \/>\n            <input type='hidden' class='gform_hidden' name='state_1' value='WyJbXSIsIjMxYzZkYTg4Njg1Yzk1ODc2NjM4NDM2OGFmODRiNTI4Il0=' \/>\n            <input type='hidden' class='gform_hidden' name='gform_target_page_number_1' id='gform_target_page_number_1' value='0' \/>\n            <input type='hidden' class='gform_hidden' name='gform_source_page_number_1' id='gform_source_page_number_1' value='1' \/>\n            <input type='hidden' name='gform_field_values' value='' \/>\n            \n        <\/div>\n                        <\/form>\n                        <\/div>\n                <iframe style='display:none;width:0px;height:0px;' src='about:blank' name='gform_ajax_frame_1' id='gform_ajax_frame_1'>This iframe contains the logic required to handle Ajax powered Gravity Forms.<\/iframe>\n                <script type='text\/javascript'>jQuery(document).ready(function($){gformInitSpinner( 1, 'seinsa.com.ar\/wp-content\/plugins\/gravityforms\/images\/spinner.gif' );jQuery('#gform_ajax_frame_1').on('load',function(){var contents = jQuery(this).contents().find('*').html();var is_postback = contents.indexOf('GF_AJAX_POSTBACK') >= 0;if(!is_postback){return;}var form_content = jQuery(this).contents().find('#gform_wrapper_1');var is_confirmation = jQuery(this).contents().find('#gform_confirmation_wrapper_1').length > 0;var is_redirect = contents.indexOf('gformRedirect(){') >= 0;var is_form = form_content.length > 0 && ! is_redirect && ! is_confirmation;var mt = parseInt(jQuery('html').css('margin-top'), 10) + parseInt(jQuery('body').css('margin-top'), 10) + 100;if(is_form){jQuery('#gform_wrapper_1').html(form_content.html());if(form_content.hasClass('gform_validation_error')){jQuery('#gform_wrapper_1').addClass('gform_validation_error');} else {jQuery('#gform_wrapper_1').removeClass('gform_validation_error');}setTimeout( function() { \/* delay the scroll by 50 milliseconds to fix a bug in chrome *\/ jQuery(document).scrollTop(jQuery('#gform_wrapper_1').offset().top - mt); }, 50 );if(window['gformInitDatepicker']) {gformInitDatepicker();}if(window['gformInitPriceFields']) {gformInitPriceFields();}var current_page = jQuery('#gform_source_page_number_1').val();gformInitSpinner( 1, 'seinsa.com.ar\/wp-content\/plugins\/gravityforms\/images\/spinner.gif' );jQuery(document).trigger('gform_page_loaded', [1, current_page]);window['gf_submitting_1'] = false;}else if(!is_redirect){var confirmation_content = jQuery(this).contents().find('.GF_AJAX_POSTBACK').html();if(!confirmation_content){confirmation_content = contents;}setTimeout(function(){jQuery('#gform_wrapper_1').replaceWith(confirmation_content);jQuery(document).scrollTop(jQuery('#gf_1').offset().top - mt);jQuery(document).trigger('gform_confirmation_loaded', [1]);window['gf_submitting_1'] = false;}, 50);}else{jQuery('#gform_1').append(contents);if(window['gformRedirect']) {gformRedirect();}}jQuery(document).trigger('gform_post_render', [1, current_page]);} );} );<\/script><script type='text\/javascript'> jQuery(document).bind('gform_post_render', function(event, formId, currentPage){if(formId == 1) {gf_global[\"number_formats\"][1] = {\"3\":{\"price\":false,\"value\":false},\"6\":{\"price\":false,\"value\":false},\"4\":{\"price\":false,\"value\":false},\"5\":{\"price\":false,\"value\":false},\"7\":{\"price\":false,\"value\":false},\"8\":{\"price\":false,\"value\":false},\"9\":{\"price\":false,\"value\":false},\"10\":{\"price\":false,\"value\":false},\"11\":{\"price\":false,\"value\":false},\"12\":{\"price\":false,\"value\":false},\"13\":{\"price\":false,\"value\":false},\"18\":{\"price\":false,\"value\":false},\"15\":{\"price\":false,\"value\":false},\"20\":{\"price\":false,\"value\":false},\"21\":{\"price\":false,\"value\":false},\"19\":{\"price\":false,\"value\":false},\"16\":{\"price\":false,\"value\":false},\"17\":{\"price\":false,\"value\":false}};if(window['jQuery']){if(!window['gf_form_conditional_logic'])window['gf_form_conditional_logic'] = new Array();window['gf_form_conditional_logic'][1] = { logic: { 21: {\"field\":{\"actionType\":\"show\",\"logicType\":\"all\",\"rules\":[{\"fieldId\":\"20\",\"operator\":\"is\",\"value\":\"Otra\"}]},\"nextButton\":null,\"section\":\"\"} }, dependents: { 21: [21] }, animation: 0, defaults: {\"6\":{\"6.2\":\"\",\"6.3\":\"\",\"6.4\":\"\",\"6.6\":\"\",\"6.8\":\"\"},\"5\":{\"d\":\"\",\"m\":\"\",\"y\":\"\"},\"10\":{\"10.1\":\"\",\"10.2\":\"\",\"10.3\":\"\",\"10.4\":\"\",\"10.5\":\"\",\"10.6\":\"\"},\"20\":\"Sin selecci\\u00f3n\"}, fields: {\"3\":[],\"6\":[],\"4\":[],\"5\":[],\"7\":[],\"8\":[],\"9\":[],\"10\":[],\"11\":[],\"12\":[],\"13\":[],\"18\":[],\"15\":[],\"20\":[21],\"21\":[],\"19\":[],\"16\":[],\"17\":[]} }; if(!window['gf_number_format'])window['gf_number_format'] = 'decimal_comma';jQuery(document).ready(function(){gf_apply_rules(1, [21], true);jQuery('#gform_wrapper_1').show();jQuery(document).trigger('gform_post_conditional_logic', [1, null, true]);} );} jQuery('#input_1_4').mask('99.999.999').bind('keypress', function(e){if(e.which == 13){jQuery(this).blur();} } );} } );jQuery(document).bind('gform_post_conditional_logic', function(event, formId, fields, isInit){} );<\/script><script type='text\/javascript'> jQuery(document).ready(function(){jQuery(document).trigger('gform_post_render', [1, 1]) } ); <\/script><\/div>\n\t\t\t\t<\/div>\n\t\t\t\t<\/div>\n\t\t\t\t\t\t<\/div>\n\t\t\t\t\t<\/div>\n\t\t<\/div>\n\t\t\t\t\t\t\t\t<\/div>\n\t\t\t\t\t<\/div>\n\t\t<\/section>\n\t\t\t\t\t\t<\/div>\n\t\t\t\t\t\t<\/div>\n\t\t\t\t\t<\/div>\n\t\t","protected":false},"excerpt":{"rendered":"","protected":false},"author":1,"featured_media":0,"parent":0,"menu_order":0,"comment_status":"closed","ping_status":"closed","template":"elementor_header_footer","meta":[],"_links":{"self":[{"href":"seinsa.com.ar\/index.php\/wp-json\/wp\/v2\/pages\/183"}],"collection":[{"href":"seinsa.com.ar\/index.php\/wp-json\/wp\/v2\/pages"}],"about":[{"href":"seinsa.com.ar\/index.php\/wp-json\/wp\/v2\/types\/page"}],"author":[{"embeddable":true,"href":"seinsa.com.ar\/index.php\/wp-json\/wp\/v2\/users\/1"}],"replies":[{"embeddable":true,"href":"seinsa.com.ar\/index.php\/wp-json\/wp\/v2\/comments?post=183"}],"version-history":[{"count":5,"href":"seinsa.com.ar\/index.php\/wp-json\/wp\/v2\/pages\/183\/revisions"}],"predecessor-version":[{"id":216,"href":"seinsa.com.ar\/index.php\/wp-json\/wp\/v2\/pages\/183\/revisions\/216"}],"wp:attachment":[{"href":"seinsa.com.ar\/index.php\/wp-json\/wp\/v2\/media?parent=183"}],"curies":[{"name":"wp","href":"https:\/\/api.w.org\/{rel}","templated":true}]}}